{"id":29,"date":"2026-02-24T09:19:05","date_gmt":"2026-02-24T09:19:05","guid":{"rendered":"https:\/\/www.ramonapose.es\/?page_id=29"},"modified":"2026-02-24T09:19:05","modified_gmt":"2026-02-24T09:19:05","slug":"politica-de-cookies","status":"publish","type":"page","link":"https:\/\/www.ramonapose.es\/ca\/politica-de-cookies\/","title":{"rendered":"Pol\u00edtica de Cookies"},"content":{"rendered":"<p id=\"p-rc_65d0323fa2d4fe8b-49\"><strong>1. QU\u00c8 S\u00d3N LES COOKIES?<\/strong> Una cookie \u00e9s un fitxer que es descarrega al seu ordinador en accedir a determinades p\u00e0gines web. Les cookies permeten a una p\u00e0gina web, entre altres coses, emmagatzemar i recuperar informaci\u00f3 sobre els h\u00e0bits de navegaci\u00f3 d'un usuari o del seu equip.<sup><\/sup><sup><\/sup><\/p>\n\n\n\n<p id=\"p-rc_65d0323fa2d4fe8b-50\"><strong>2. TIPUS DE COOKIES UTILITZADES<sup><\/sup><sup><\/sup><\/strong> Aquest lloc web <strong>ramonapose.es<\/strong> utilitza les seg\u00fcents cookies:<sup><\/sup><sup><\/sup><\/p>\n\n\n\n<ul class=\"wp-block-list\">\n<li><strong>Cookies d'an\u00e0lisi:<\/strong> S\u00f3n aquelles que, ben tractades per nosaltres o per tercers, ens permeten quantificar el nombre d'usuaris i aix\u00ed realitzar la mesura i l'an\u00e0lisi estad\u00edstica de la utilitzaci\u00f3 que fan els usuaris del servei ofert.<\/li>\n\n\n\n<li><strong>Cookies t\u00e8cniques:<\/strong> S\u00f3n necess\u00e0ries per a la navegaci\u00f3 i el bon funcionament de la nostra p\u00e0gina web.<\/li>\n<\/ul>\n\n\n\n<p><strong>3. COM DESHABILITAR LES COOKIES<\/strong> Vost\u00e8 pot permetre, bloquejar o eliminar les cookies instal\u00b7lades en el seu equip mitjan\u00e7ant la configuraci\u00f3 de les opcions del navegador instal\u00b7lat al seu ordinador:<\/p>\n\n\n\n<ul class=\"wp-block-list\">\n<li><strong>Chrome:<\/strong> Configuraci\u00f3 -&gt; Privadesa i seguretat -&gt; Cookies i altres dades de llocs.<\/li>\n\n\n\n<li><strong>Firefox:<\/strong> Ajustos -&gt; Privadesa i seguretat.<\/li>\n\n\n\n<li><strong>Safari:<\/strong> Prefer\u00e8ncies -&gt; Privadesa.<\/li>\n<\/ul>\n\n\n\n<p><strong>4. COOKIES DE TERCERS<\/strong> Aquesta web pot utilitzar serveis de tercers (ex. Google Analytics) que recopilen informaci\u00f3 amb finalitats estad\u00edstiques i d'\u00fas del lloc.<\/p>","protected":false},"excerpt":{"rendered":"<p>1. \u00bfQU\u00c9 SON LAS COOKIES? Una cookie es un fichero que se descarga en su ordenador al acceder a determinadas [&hellip;]<\/p>\n","protected":false},"author":1,"featured_media":0,"parent":0,"menu_order":0,"comment_status":"closed","ping_status":"closed","template":"","meta":{"site-sidebar-layout":"default","site-content-layout":"","ast-site-content-layout":"default","site-content-style":"default","site-sidebar-style":"default","ast-global-header-display":"","ast-banner-title-visibility":"","ast-main-header-display":"","ast-hfb-above-header-display":"","ast-hfb-below-header-display":"","ast-hfb-mobile-header-display":"","site-post-title":"","ast-breadcrumbs-content":"","ast-featured-img":"","footer-sml-layout":"","ast-disable-related-posts":"","theme-transparent-header-meta":"","adv-header-id-meta":"","stick-header-meta":"","header-above-stick-meta":"","header-main-stick-meta":"","header-below-stick-meta":"","astra-migrate-meta-layouts":"default","ast-page-background-enabled":"default","ast-page-background-meta":{"desktop":{"background-color":"var(--ast-global-color-5)","background-image":"","background-repeat":"repeat","background-position":"center center","background-size":"auto","background-attachment":"scroll","background-type":"","background-media":"","overlay-type":"","overlay-color":"","overlay-opacity":"","overlay-gradient":""},"tablet":{"background-color":"","background-image":"","background-repeat":"repeat","background-position":"center center","background-size":"auto","background-attachment":"scroll","background-type":"","background-media":"","overlay-type":"","overlay-color":"","overlay-opacity":"","overlay-gradient":""},"mobile":{"background-color":"","background-image":"","background-repeat":"repeat","background-position":"center center","background-size":"auto","background-attachment":"scroll","background-type":"","background-media":"","overlay-type":"","overlay-color":"","overlay-opacity":"","overlay-gradient":""}},"ast-content-background-meta":{"desktop":{"background-color":"var(--ast-global-color-4)","background-image":"","background-repeat":"repeat","background-position":"center center","background-size":"auto","background-attachment":"scroll","background-type":"","background-media":"","overlay-type":"","overlay-color":"","overlay-opacity":"","overlay-gradient":""},"tablet":{"background-color":"var(--ast-global-color-4)","background-image":"","background-repeat":"repeat","background-position":"center center","background-size":"auto","background-attachment":"scroll","background-type":"","background-media":"","overlay-type":"","overlay-color":"","overlay-opacity":"","overlay-gradient":""},"mobile":{"background-color":"var(--ast-global-color-4)","background-image":"","background-repeat":"repeat","background-position":"center center","background-size":"auto","background-attachment":"scroll","background-type":"","background-media":"","overlay-type":"","overlay-color":"","overlay-opacity":"","overlay-gradient":""}},"footnotes":""},"class_list":["post-29","page","type-page","status-publish","hentry"],"_links":{"self":[{"href":"https:\/\/www.ramonapose.es\/ca\/wp-json\/wp\/v2\/pages\/29","targetHints":{"allow":["GET"]}}],"collection":[{"href":"https:\/\/www.ramonapose.es\/ca\/wp-json\/wp\/v2\/pages"}],"about":[{"href":"https:\/\/www.ramonapose.es\/ca\/wp-json\/wp\/v2\/types\/page"}],"author":[{"embeddable":true,"href":"https:\/\/www.ramonapose.es\/ca\/wp-json\/wp\/v2\/users\/1"}],"replies":[{"embeddable":true,"href":"https:\/\/www.ramonapose.es\/ca\/wp-json\/wp\/v2\/comments?post=29"}],"version-history":[{"count":1,"href":"https:\/\/www.ramonapose.es\/ca\/wp-json\/wp\/v2\/pages\/29\/revisions"}],"predecessor-version":[{"id":30,"href":"https:\/\/www.ramonapose.es\/ca\/wp-json\/wp\/v2\/pages\/29\/revisions\/30"}],"wp:attachment":[{"href":"https:\/\/www.ramonapose.es\/ca\/wp-json\/wp\/v2\/media?parent=29"}],"curies":[{"name":"wp","href":"https:\/\/api.w.org\/{rel}","templated":true}]}}