{"id":27,"date":"2026-02-24T09:18:43","date_gmt":"2026-02-24T09:18:43","guid":{"rendered":"https:\/\/www.ramonapose.es\/?page_id=27"},"modified":"2026-02-24T09:18:43","modified_gmt":"2026-02-24T09:18:43","slug":"terminos-y-condiciones","status":"publish","type":"page","link":"https:\/\/www.ramonapose.es\/ca\/terminos-y-condiciones\/","title":{"rendered":"Termes i Condicions"},"content":{"rendered":"<p><strong>1. OBJECTE<\/strong> Les presents condicions generals regulen l'\u00fas de tots els serveis del portal <strong>ramonapose.es<\/strong>, titularitat de <strong>Ramona Pose Rial<\/strong>. Per la mera utilitzaci\u00f3 del Portal, l'usuari expressa la plena acceptaci\u00f3 i sense reserves de les mateixes.<\/p>\n\n\n\n<p><strong>2. EXCLUSI\u00d3 DE GARANTIES I RESPONSABILITAT<\/strong> <strong>Ramona Pose Rial<\/strong> no es fa responsable, en cap cas, dels danys i perjudicis de qualsevol naturalesa que poguessin ocasionar, a t\u00edtol enunciatiu: errors o omissions en els continguts, falta de disponibilitat del portal o la transmissi\u00f3 de virus o programes maliciosos o lesius en els continguts, malgrat haver adoptat totes les mesures tecnol\u00f2giques necess\u00e0ries per evitar-ho.<\/p>\n\n\n\n<p><strong>3. MODIFICACIONS<\/strong> <strong>Ramona Pose Rial<\/strong> es reserva el dret d'efectuar sense previ av\u00eds les modificacions que consideri oportunes al seu portal, podent canviar, suprimir o afegir tant els continguts i serveis que es prestin a trav\u00e9s de la mateixa com la forma en qu\u00e8 aquests apareguin presentats o localitzats al seu portal.<\/p>\n\n\n\n<p><strong>4. ENLLA\u00c7OS (LINKS)<\/strong> En el cas que a <strong>ramonapose.es<\/strong> es disposessin enlla\u00e7os o hipervincles cap a altres llocs d'Internet, <strong>Ramona Pose Rial<\/strong> no exercir\u00e0 cap tipus de control sobre aquests llocs i continguts. En cap cas assumir\u00e0 cap responsabilitat pels continguts d'algun enlla\u00e7 pertanyent a un lloc web ali\u00e8.<\/p>\n\n\n\n<p><strong>5. DRET D'EXCLUSI\u00d3<\/strong> <strong>Ramona Pose Rial<\/strong> es reserva el dret a denegar o retirar l'acc\u00e9s al portal i\/o els serveis oferts sense necessitat de preav\u00eds, a inst\u00e0ncia pr\u00f2pia o d'un tercer, a aquells usuaris que incompleixin les presents Condicions Generals d'\u00das.<\/p>","protected":false},"excerpt":{"rendered":"<p>1. OBJETO Las presentes condiciones generales regulan el uso de todos los servicios del portal ramonapose.es, titularidad de Ramona Pose [&hellip;]<\/p>\n","protected":false},"author":1,"featured_media":0,"parent":0,"menu_order":0,"comment_status":"closed","ping_status":"closed","template":"","meta":{"site-sidebar-layout":"default","site-content-layout":"","ast-site-content-layout":"default","site-content-style":"default","site-sidebar-style":"default","ast-global-header-display":"","ast-banner-title-visibility":"","ast-main-header-display":"","ast-hfb-above-header-display":"","ast-hfb-below-header-display":"","ast-hfb-mobile-header-display":"","site-post-title":"","ast-breadcrumbs-content":"","ast-featured-img":"","footer-sml-layout":"","ast-disable-related-posts":"","theme-transparent-header-meta":"","adv-header-id-meta":"","stick-header-meta":"","header-above-stick-meta":"","header-main-stick-meta":"","header-below-stick-meta":"","astra-migrate-meta-layouts":"default","ast-page-background-enabled":"default","ast-page-background-meta":{"desktop":{"background-color":"var(--ast-global-color-5)","background-image":"","background-repeat":"repeat","background-position":"center center","background-size":"auto","background-attachment":"scroll","background-type":"","background-media":"","overlay-type":"","overlay-color":"","overlay-opacity":"","overlay-gradient":""},"tablet":{"background-color":"","background-image":"","background-repeat":"repeat","background-position":"center center","background-size":"auto","background-attachment":"scroll","background-type":"","background-media":"","overlay-type":"","overlay-color":"","overlay-opacity":"","overlay-gradient":""},"mobile":{"background-color":"","background-image":"","background-repeat":"repeat","background-position":"center center","background-size":"auto","background-attachment":"scroll","background-type":"","background-media":"","overlay-type":"","overlay-color":"","overlay-opacity":"","overlay-gradient":""}},"ast-content-background-meta":{"desktop":{"background-color":"var(--ast-global-color-4)","background-image":"","background-repeat":"repeat","background-position":"center center","background-size":"auto","background-attachment":"scroll","background-type":"","background-media":"","overlay-type":"","overlay-color":"","overlay-opacity":"","overlay-gradient":""},"tablet":{"background-color":"var(--ast-global-color-4)","background-image":"","background-repeat":"repeat","background-position":"center center","background-size":"auto","background-attachment":"scroll","background-type":"","background-media":"","overlay-type":"","overlay-color":"","overlay-opacity":"","overlay-gradient":""},"mobile":{"background-color":"var(--ast-global-color-4)","background-image":"","background-repeat":"repeat","background-position":"center center","background-size":"auto","background-attachment":"scroll","background-type":"","background-media":"","overlay-type":"","overlay-color":"","overlay-opacity":"","overlay-gradient":""}},"footnotes":""},"class_list":["post-27","page","type-page","status-publish","hentry"],"_links":{"self":[{"href":"https:\/\/www.ramonapose.es\/ca\/wp-json\/wp\/v2\/pages\/27","targetHints":{"allow":["GET"]}}],"collection":[{"href":"https:\/\/www.ramonapose.es\/ca\/wp-json\/wp\/v2\/pages"}],"about":[{"href":"https:\/\/www.ramonapose.es\/ca\/wp-json\/wp\/v2\/types\/page"}],"author":[{"embeddable":true,"href":"https:\/\/www.ramonapose.es\/ca\/wp-json\/wp\/v2\/users\/1"}],"replies":[{"embeddable":true,"href":"https:\/\/www.ramonapose.es\/ca\/wp-json\/wp\/v2\/comments?post=27"}],"version-history":[{"count":1,"href":"https:\/\/www.ramonapose.es\/ca\/wp-json\/wp\/v2\/pages\/27\/revisions"}],"predecessor-version":[{"id":28,"href":"https:\/\/www.ramonapose.es\/ca\/wp-json\/wp\/v2\/pages\/27\/revisions\/28"}],"wp:attachment":[{"href":"https:\/\/www.ramonapose.es\/ca\/wp-json\/wp\/v2\/media?parent=27"}],"curies":[{"name":"wp","href":"https:\/\/api.w.org\/{rel}","templated":true}]}}