{"id":12,"date":"2026-02-24T09:13:40","date_gmt":"2026-02-24T09:13:40","guid":{"rendered":"https:\/\/www.ramonapose.es\/?page_id=12"},"modified":"2026-02-24T12:10:56","modified_gmt":"2026-02-24T12:10:56","slug":"inicio","status":"publish","type":"page","link":"https:\/\/www.ramonapose.es\/ca\/","title":{"rendered":"Inici"},"content":{"rendered":"<div data-elementor-type=\"wp-page\" data-elementor-id=\"12\" class=\"elementor elementor-12\" data-elementor-post-type=\"page\">\n\t\t\t\t<div class=\"elementor-element elementor-element-2caf3d1 e-con-full e-flex e-con e-parent\" data-id=\"2caf3d1\" data-element_type=\"container\" data-e-type=\"container\">\n\t\t\t\t<div class=\"elementor-element elementor-element-39c1bc4 elementor-widget elementor-widget-html\" data-id=\"39c1bc4\" data-element_type=\"widget\" data-e-type=\"widget\" data-widget_type=\"html.default\">\n\t\t\t\t\t<style>\r\n    @import url('https:\/\/fonts.googleapis.com\/css2?family=Quicksand:wght@500;700&family=Open+Sans:wght@400;600&display=swap');\r\n\r\n    .bio-hero-full {\r\n        width: 100vw; position: relative; left: 50%; right: 50%; margin-left: -50vw; margin-right: -50vw; box-sizing: border-box;\r\n    }\r\n\r\n    .bio-hero {\r\n        \/* FOTO: Cesta de verduras ecol\u00f3gicas, huerto o mercado *\/\r\n        background-image: url('https:\/\/www.ramonapose.es\/wp-content\/uploads\/2026\/02\/ramona.avif');\r\n        background-size: cover;\r\n        background-position: center;\r\n        min-height: 90vh;\r\n        display: flex;\r\n        align-items: center;\r\n        position: relative;\r\n    }\r\n\r\n    \/* FILTRO VERDE OSCURO TRANSPARENTE PARA QUE LEA BIEN EL TEXTO *\/\r\n    .bio-hero::before {\r\n        content: ''; position: absolute; top:0; left:0; width:100%; height:100%;\r\n        background: linear-gradient(90deg, rgba(44, 54, 39, 0.9) 0%, rgba(56, 142, 60, 0.6) 100%);\r\n    }\r\n\r\n    .hero-content {\r\n        position: relative; z-index: 2;\r\n        max-width: 800px;\r\n        padding: 50px;\r\n        margin-left: 8%;\r\n        border-left: 4px solid #388E3C; \/* L\u00cdNEA VERDE ECO *\/\r\n    }\r\n\r\n    .hero-label {\r\n        font-family: 'Quicksand', sans-serif;\r\n        color: #A5D6A7; \/* Verde clarito *\/\r\n        font-weight: 700;\r\n        text-transform: uppercase;\r\n        letter-spacing: 2px;\r\n        font-size: 14px;\r\n        margin-bottom: 20px;\r\n        display: inline-block;\r\n    }\r\n\r\n    .hero-title {\r\n        font-family: 'Quicksand', sans-serif;\r\n        font-size: 58px;\r\n        color: #FFFFFF;\r\n        line-height: 1.15;\r\n        font-weight: 700;\r\n        margin-bottom: 25px;\r\n    }\r\n\r\n    .hero-desc {\r\n        font-family: 'Open Sans', sans-serif;\r\n        font-size: 18px;\r\n        color: #F1F8E9; \/* Blanco verdoso *\/\r\n        margin-bottom: 40px;\r\n        max-width: 650px;\r\n        line-height: 1.7;\r\n    }\r\n\r\n    .btn-bio {\r\n        background-color: #388E3C; \/* Verde Eco *\/\r\n        color: white !important;\r\n        padding: 16px 45px;\r\n        text-decoration: none;\r\n        font-family: 'Quicksand', sans-serif;\r\n        font-weight: 700;\r\n        text-transform: uppercase;\r\n        letter-spacing: 1px;\r\n        display: inline-block;\r\n        transition: 0.3s;\r\n        border-radius: 30px; \/* Bordes muy redondeados, m\u00e1s \"friendly\" *\/\r\n    }\r\n    .btn-bio:hover {\r\n        background-color: #FFFFFF;\r\n        color: #388E3C !important;\r\n        transform: translateY(-3px);\r\n    }\r\n\r\n    @media (max-width: 768px) {\r\n        .hero-title { font-size: 40px; }\r\n        .hero-content { margin-left: 0; padding: 30px; border-left: none; border-top: 4px solid #388E3C; }\r\n    }\r\n<\/style>\r\n\r\n<div class=\"bio-hero-full\">\r\n    <div class=\"bio-hero\">\r\n        <div class=\"hero-content\">\r\n            <span class=\"hero-label\">Alimentaci\u00f3 Ecol\u00f2gica i Conscient<\/span>\r\n            <h1 class=\"hero-title\">El sabor de la terra, directe a la teva taula.<\/h1>\r\n            <p class=\"hero-desc\">\r\n                S\u00f3c especialista en alimentaci\u00f3 bio i aquest \u00e9s el meu projecte: <strong>Bio-Mon<\/strong>. Una botiga petita, familiar i propera on apostem pels petits productors, la proximitat i la qualitat real sense intermediaris.\r\n            <\/p>\r\n            <a href=\"https:\/\/www.ramonapose.es\/ca\/servicios\/\" class=\"btn-bio\">Descobreix Bio-Mon<\/a>\r\n        <\/div>\r\n    <\/div>\r\n<\/div>\t\t\t\t<\/div>\n\t\t\t\t<\/div>\n\t\t\t\t<\/div>","protected":false},"excerpt":{"rendered":"<p>Alimentaci\u00f3n Ecol\u00f3gica y Consciente El sabor de la tierra, directo a tu mesa. Soy especialista en alimentaci\u00f3n bio y este [&hellip;]<\/p>\n","protected":false},"author":1,"featured_media":0,"parent":0,"menu_order":0,"comment_status":"closed","ping_status":"closed","template":"elementor_header_footer","meta":{"site-sidebar-layout":"no-sidebar","site-content-layout":"","ast-site-content-layout":"full-width-container","site-content-style":"default","site-sidebar-style":"default","ast-global-header-display":"","ast-banner-title-visibility":"","ast-main-header-display":"","ast-hfb-above-header-display":"","ast-hfb-below-header-display":"","ast-hfb-mobile-header-display":"","site-post-title":"disabled","ast-breadcrumbs-content":"","ast-featured-img":"disabled","footer-sml-layout":"","ast-disable-related-posts":"","theme-transparent-header-meta":"","adv-header-id-meta":"","stick-header-meta":"","header-above-stick-meta":"","header-main-stick-meta":"","header-below-stick-meta":"","astra-migrate-meta-layouts":"default","ast-page-background-enabled":"default","ast-page-background-meta":{"desktop":{"background-color":"var(--ast-global-color-5)","background-image":"","background-repeat":"repeat","background-position":"center center","background-size":"auto","background-attachment":"scroll","background-type":"","background-media":"","overlay-type":"","overlay-color":"","overlay-opacity":"","overlay-gradient":""},"tablet":{"background-color":"","background-image":"","background-repeat":"repeat","background-position":"center center","background-size":"auto","background-attachment":"scroll","background-type":"","background-media":"","overlay-type":"","overlay-color":"","overlay-opacity":"","overlay-gradient":""},"mobile":{"background-color":"","background-image":"","background-repeat":"repeat","background-position":"center center","background-size":"auto","background-attachment":"scroll","background-type":"","background-media":"","overlay-type":"","overlay-color":"","overlay-opacity":"","overlay-gradient":""}},"ast-content-background-meta":{"desktop":{"background-color":"var(--ast-global-color-4)","background-image":"","background-repeat":"repeat","background-position":"center center","background-size":"auto","background-attachment":"scroll","background-type":"","background-media":"","overlay-type":"","overlay-color":"","overlay-opacity":"","overlay-gradient":""},"tablet":{"background-color":"var(--ast-global-color-4)","background-image":"","background-repeat":"repeat","background-position":"center center","background-size":"auto","background-attachment":"scroll","background-type":"","background-media":"","overlay-type":"","overlay-color":"","overlay-opacity":"","overlay-gradient":""},"mobile":{"background-color":"var(--ast-global-color-4)","background-image":"","background-repeat":"repeat","background-position":"center center","background-size":"auto","background-attachment":"scroll","background-type":"","background-media":"","overlay-type":"","overlay-color":"","overlay-opacity":"","overlay-gradient":""}},"footnotes":""},"class_list":["post-12","page","type-page","status-publish","hentry"],"_links":{"self":[{"href":"https:\/\/www.ramonapose.es\/ca\/wp-json\/wp\/v2\/pages\/12","targetHints":{"allow":["GET"]}}],"collection":[{"href":"https:\/\/www.ramonapose.es\/ca\/wp-json\/wp\/v2\/pages"}],"about":[{"href":"https:\/\/www.ramonapose.es\/ca\/wp-json\/wp\/v2\/types\/page"}],"author":[{"embeddable":true,"href":"https:\/\/www.ramonapose.es\/ca\/wp-json\/wp\/v2\/users\/1"}],"replies":[{"embeddable":true,"href":"https:\/\/www.ramonapose.es\/ca\/wp-json\/wp\/v2\/comments?post=12"}],"version-history":[{"count":16,"href":"https:\/\/www.ramonapose.es\/ca\/wp-json\/wp\/v2\/pages\/12\/revisions"}],"predecessor-version":[{"id":90,"href":"https:\/\/www.ramonapose.es\/ca\/wp-json\/wp\/v2\/pages\/12\/revisions\/90"}],"wp:attachment":[{"href":"https:\/\/www.ramonapose.es\/ca\/wp-json\/wp\/v2\/media?parent=12"}],"curies":[{"name":"wp","href":"https:\/\/api.w.org\/{rel}","templated":true}]}}